{"id":862,"date":"2024-03-07T22:40:27","date_gmt":"2024-03-07T19:40:27","guid":{"rendered":"https:\/\/www.tcare.com.tr\/en\/?page_id=862"},"modified":"2025-12-18T00:33:10","modified_gmt":"2025-12-17T21:33:10","slug":"inci-dental","status":"publish","type":"page","link":"https:\/\/www.tcare.com.tr\/en\/inci-dental\/","title":{"rendered":"\u0130nci Dental"},"content":{"rendered":"<section class=\"fw-main-row  \" id=\"medi-69e615989b352\"  >\n\t<div class=\"fw-container-fluid\">\n\t\t<div class=\"fw-row\">\n\t<div class=\"fw-col-xs-12\">\n\t<div class=\"db-about\">\n   <div class=\"container\">\n      <div class=\"row\">\n         <div class=\"col-lg-6 col-md-6\">\n            <div class=\"db-about-img\">\n               <img decoding=\"async\" src=\"\/\/www.tcare.com.tr\/en\/wp-content\/uploads\/sites\/3\/2023\/11\/incidental_logo.png\" alt=\"image\" class=\"img-fluid\"\/>            <\/div>\n         <\/div>\n         <div class=\"col-lg-6 col-md-6 d-flex\">\n            <div class=\"db-about-content\">\n               <p><p>\u0130nci Dental was founded in Istanbul in 1994. \u0130nci Dental, one of the most well-known and dependable dental companies, has adopted the pr\u0130nciple of making domestic production of consumables used by Dentists, especially Endodontic and Restorative materials, and is constantly expanding its product range. With its collaborations with TUBITAK and notable investments in R&D studies, \u0130nci Dental, which has adopted a high quality understanding in domestic production since its launch, has become one of the leading companies in the sector.<\/p>  <br>  <p>In our country, \u0130nci Dental is the first and only manufacturer of a wide range of dental products. We export the dental consumables we manufacture to more than 50 countries in addition to our domestic work. We have ISO 9001, ISO 13485, and CE certificates to prove our commitment to quality. We are proud to be one of the few Turkish businesses with these documents.<\/p><\/p>               <ul>\n                                 <\/ul>\n                              <a target=\"_blank\" href=\"https:\/\/www.tcare.com.tr\/catalog\/inci_dental_catalog_tr.pdf\" class=\"a-btn\">E-Catalogue<\/a>\n                       <\/div>\n         <\/div>\n      <\/div>\n   <\/div>\n<\/div>\n<\/div>\n<\/div>\n\n\t<\/div>\n<\/section>\n\n\n","protected":false},"excerpt":{"rendered":"<p>\u0130nci Dental was founded in Istanbul in 1994. \u0130nci Dental, one of the most well-known and dependable dental companies, has adopted the pr\u0130nciple of making domestic production of consumables used by Dentists, especially Endodontic and Restorative materials, and is constantly expanding its product range. With its collaborations with TUBITAK and notable investments in R&#038;D studies, [&hellip;]<\/p>\n","protected":false},"author":1,"featured_media":0,"parent":0,"menu_order":0,"comment_status":"closed","ping_status":"closed","template":"template-parts\/medicalequipment-fullpage-temp.php","meta":{"footnotes":""},"class_list":["post-862","page","type-page","status-publish","hentry"],"aioseo_notices":[],"brizy_media":[],"_links":{"self":[{"href":"https:\/\/www.tcare.com.tr\/en\/wp-json\/wp\/v2\/pages\/862","targetHints":{"allow":["GET"]}}],"collection":[{"href":"https:\/\/www.tcare.com.tr\/en\/wp-json\/wp\/v2\/pages"}],"about":[{"href":"https:\/\/www.tcare.com.tr\/en\/wp-json\/wp\/v2\/types\/page"}],"author":[{"embeddable":true,"href":"https:\/\/www.tcare.com.tr\/en\/wp-json\/wp\/v2\/users\/1"}],"replies":[{"embeddable":true,"href":"https:\/\/www.tcare.com.tr\/en\/wp-json\/wp\/v2\/comments?post=862"}],"version-history":[{"count":5,"href":"https:\/\/www.tcare.com.tr\/en\/wp-json\/wp\/v2\/pages\/862\/revisions"}],"predecessor-version":[{"id":899,"href":"https:\/\/www.tcare.com.tr\/en\/wp-json\/wp\/v2\/pages\/862\/revisions\/899"}],"wp:attachment":[{"href":"https:\/\/www.tcare.com.tr\/en\/wp-json\/wp\/v2\/media?parent=862"}],"curies":[{"name":"wp","href":"https:\/\/api.w.org\/{rel}","templated":true}]}}